{"id":26304,"date":"2022-04-21T23:44:19","date_gmt":"2022-04-21T22:44:19","guid":{"rendered":"https:\/\/unikatna-slovenija.si\/?post_type=product&#038;p=26304"},"modified":"2022-08-08T18:57:22","modified_gmt":"2022-08-08T17:57:22","slug":"disava-za-tkanine-in-prostor-sivka","status":"publish","type":"product","link":"https:\/\/unikatna-slovenija.si\/en\/trgovina\/disava-za-tkanine-in-prostor-sivka\/","title":{"rendered":"Di\u0161ava za tkanine in prostor SIVKA"},"content":{"rendered":"","protected":false},"excerpt":{"rendered":"<p><strong>NOTE DI\u0160AVE:<\/strong> aromati\u010dne, cvetje, sivka<\/p>\n<p><strong>DI\u0160AVA ZA TKANINE IN PROSTOR 250 ml: <\/strong>Inovativni izdelek Aromatic Lavender Horomia je brez alkohola in plinov. Primeren je za vse vrste tkanin, vklju\u010dno z svilo in ka\u0161mirjem. Izdelek ne pu\u0161\u010da made\u017eev. Idealen je za zavese, notranjost avtomobila, sede\u017ene garniture in obla\u010dila. Izdelek vsebuje molekule, ki nevtralizirajo neprijetne vonjave.<\/p>\n","protected":false},"featured_media":26466,"template":"","meta":[],"product_brand":[],"product_cat":[643,709],"product_tag":[],"class_list":{"0":"post-26304","1":"product","2":"type-product","3":"status-publish","4":"has-post-thumbnail","6":"product_cat-disave-za-dom","7":"product_cat-disave-za-tkanino","8":"pa_kolicina-250ml-50ml","10":"first","11":"instock","12":"shipping-taxable","13":"purchasable","14":"product-type-simple"},"aioseo_notices":[],"_links":{"self":[{"href":"https:\/\/unikatna-slovenija.si\/en\/wp-json\/wp\/v2\/product\/26304","targetHints":{"allow":["GET"]}}],"collection":[{"href":"https:\/\/unikatna-slovenija.si\/en\/wp-json\/wp\/v2\/product"}],"about":[{"href":"https:\/\/unikatna-slovenija.si\/en\/wp-json\/wp\/v2\/types\/product"}],"wp:featuredmedia":[{"embeddable":true,"href":"https:\/\/unikatna-slovenija.si\/en\/wp-json\/wp\/v2\/media\/26466"}],"wp:attachment":[{"href":"https:\/\/unikatna-slovenija.si\/en\/wp-json\/wp\/v2\/media?parent=26304"}],"wp:term":[{"taxonomy":"product_brand","embeddable":true,"href":"https:\/\/unikatna-slovenija.si\/en\/wp-json\/wp\/v2\/product_brand?post=26304"},{"taxonomy":"product_cat","embeddable":true,"href":"https:\/\/unikatna-slovenija.si\/en\/wp-json\/wp\/v2\/product_cat?post=26304"},{"taxonomy":"product_tag","embeddable":true,"href":"https:\/\/unikatna-slovenija.si\/en\/wp-json\/wp\/v2\/product_tag?post=26304"}],"curies":[{"name":"wp","href":"https:\/\/api.w.org\/{rel}","templated":true}]}}