{"id":26054,"date":"2022-04-21T23:42:41","date_gmt":"2022-04-21T22:42:41","guid":{"rendered":"https:\/\/unikatna-slovenija.si\/?post_type=product&#038;p=26054"},"modified":"2025-02-27T00:58:26","modified_gmt":"2025-02-26T23:58:26","slug":"la-panthere-cartier","status":"publish","type":"product","link":"https:\/\/unikatna-slovenija.si\/en\/trgovina\/la-panthere-cartier\/","title":{"rendered":"LA PANTHERE &#8211; Cartier"},"content":{"rendered":"","protected":false},"excerpt":{"rendered":"<p><strong>\u017dENSKI PARFUM<\/strong><\/p>\n<p><span lang=\"sl-SI\">\u010cutna di\u0161ava La Panth\u00e8re Cartier bo postala va\u0161a vsakodnevna muza in navdih. Njeni plemeniti toni bodo postali luksuzni dodatek va\u0161ega vsakdana. V sestavi di\u0161ave uvodni toni pripadajo sladkobnemu su\u0161enemu sadju, citrusnim akordom bergamotke, so\u010dni rabarbari, sladkim jagodam in sladko za\u010dinjenemu jane\u017eu. Nato v ospredje prihajajo zapeljivi ylang-ylang, romanti\u010dna vrtnica, sladka hru\u0161ka, rahlo grenki pomaran\u010devec in gardenija. \u010cutni zaklju\u010dek prina\u0161a netradicionalne tone mahu, mo\u0161usa, usnja in pa\u010dulija. Odli\u010dna, pogumna in \u010dutna parfumska voda za \u017eenske je na trg pri\u0161la leta 2014.<\/span><\/p>\n","protected":false},"featured_media":25652,"template":"","meta":[],"product_brand":[],"product_cat":[221,222],"product_tag":[777],"class_list":{"0":"post-26054","1":"product","2":"type-product","3":"status-publish","4":"has-post-thumbnail","6":"product_cat-parfumi","7":"product_cat-zenski-parfumi","8":"product_tag-cartier","9":"pa_kolicina-15ml","10":"pa_kolicina-30ml","11":"pa_kolicina-50ml","12":"pa_kolicina-100ml","14":"first","15":"outofstock","16":"purchasable","17":"product-type-variable"},"aioseo_notices":[],"_links":{"self":[{"href":"https:\/\/unikatna-slovenija.si\/en\/wp-json\/wp\/v2\/product\/26054","targetHints":{"allow":["GET"]}}],"collection":[{"href":"https:\/\/unikatna-slovenija.si\/en\/wp-json\/wp\/v2\/product"}],"about":[{"href":"https:\/\/unikatna-slovenija.si\/en\/wp-json\/wp\/v2\/types\/product"}],"wp:featuredmedia":[{"embeddable":true,"href":"https:\/\/unikatna-slovenija.si\/en\/wp-json\/wp\/v2\/media\/25652"}],"wp:attachment":[{"href":"https:\/\/unikatna-slovenija.si\/en\/wp-json\/wp\/v2\/media?parent=26054"}],"wp:term":[{"taxonomy":"product_brand","embeddable":true,"href":"https:\/\/unikatna-slovenija.si\/en\/wp-json\/wp\/v2\/product_brand?post=26054"},{"taxonomy":"product_cat","embeddable":true,"href":"https:\/\/unikatna-slovenija.si\/en\/wp-json\/wp\/v2\/product_cat?post=26054"},{"taxonomy":"product_tag","embeddable":true,"href":"https:\/\/unikatna-slovenija.si\/en\/wp-json\/wp\/v2\/product_tag?post=26054"}],"curies":[{"name":"wp","href":"https:\/\/api.w.org\/{rel}","templated":true}]}}