{"id":26049,"date":"2022-04-21T23:42:40","date_gmt":"2022-04-21T22:42:40","guid":{"rendered":"https:\/\/unikatna-slovenija.si\/?post_type=product&#038;p=26049"},"modified":"2022-08-08T18:57:53","modified_gmt":"2022-08-08T17:57:53","slug":"diseca-olja-za-dom-spanski-bezeg","status":"publish","type":"product","link":"https:\/\/unikatna-slovenija.si\/en\/trgovina\/diseca-olja-za-dom-spanski-bezeg\/","title":{"rendered":"Di\u0161e\u010da olja za dom \u0160PANSKI BEZEG"},"content":{"rendered":"","protected":false},"excerpt":{"rendered":"","protected":false},"featured_media":25963,"template":"","meta":[],"product_brand":[],"product_cat":[643,646],"product_tag":[],"class_list":{"0":"post-26049","1":"product","2":"type-product","3":"status-publish","4":"has-post-thumbnail","6":"product_cat-disave-za-dom","7":"product_cat-diseca-olja","9":"first","10":"instock","11":"shipping-taxable","12":"purchasable","13":"product-type-simple"},"aioseo_notices":[],"_links":{"self":[{"href":"https:\/\/unikatna-slovenija.si\/en\/wp-json\/wp\/v2\/product\/26049","targetHints":{"allow":["GET"]}}],"collection":[{"href":"https:\/\/unikatna-slovenija.si\/en\/wp-json\/wp\/v2\/product"}],"about":[{"href":"https:\/\/unikatna-slovenija.si\/en\/wp-json\/wp\/v2\/types\/product"}],"wp:featuredmedia":[{"embeddable":true,"href":"https:\/\/unikatna-slovenija.si\/en\/wp-json\/wp\/v2\/media\/25963"}],"wp:attachment":[{"href":"https:\/\/unikatna-slovenija.si\/en\/wp-json\/wp\/v2\/media?parent=26049"}],"wp:term":[{"taxonomy":"product_brand","embeddable":true,"href":"https:\/\/unikatna-slovenija.si\/en\/wp-json\/wp\/v2\/product_brand?post=26049"},{"taxonomy":"product_cat","embeddable":true,"href":"https:\/\/unikatna-slovenija.si\/en\/wp-json\/wp\/v2\/product_cat?post=26049"},{"taxonomy":"product_tag","embeddable":true,"href":"https:\/\/unikatna-slovenija.si\/en\/wp-json\/wp\/v2\/product_tag?post=26049"}],"curies":[{"name":"wp","href":"https:\/\/api.w.org\/{rel}","templated":true}]}}