{"id":26047,"date":"2022-04-21T23:42:40","date_gmt":"2022-04-21T22:42:40","guid":{"rendered":"https:\/\/unikatna-slovenija.si\/?post_type=product&#038;p=26047"},"modified":"2022-08-08T18:57:50","modified_gmt":"2022-08-08T17:57:50","slug":"disece-palcke-kadila-za-dom-smarnica","status":"publish","type":"product","link":"https:\/\/unikatna-slovenija.si\/en\/trgovina\/disece-palcke-kadila-za-dom-smarnica\/","title":{"rendered":"Di\u0161e\u010de pal\u010dke, kadila za dom \u0160MARNICA"},"content":{"rendered":"","protected":false},"excerpt":{"rendered":"","protected":false},"featured_media":25798,"template":"","meta":[],"product_brand":[],"product_cat":[643,644],"product_tag":[],"class_list":{"0":"post-26047","1":"product","2":"type-product","3":"status-publish","4":"has-post-thumbnail","6":"product_cat-disave-za-dom","7":"product_cat-disece-palcke","9":"first","10":"instock","11":"shipping-taxable","12":"purchasable","13":"product-type-simple"},"aioseo_notices":[],"_links":{"self":[{"href":"https:\/\/unikatna-slovenija.si\/en\/wp-json\/wp\/v2\/product\/26047","targetHints":{"allow":["GET"]}}],"collection":[{"href":"https:\/\/unikatna-slovenija.si\/en\/wp-json\/wp\/v2\/product"}],"about":[{"href":"https:\/\/unikatna-slovenija.si\/en\/wp-json\/wp\/v2\/types\/product"}],"wp:featuredmedia":[{"embeddable":true,"href":"https:\/\/unikatna-slovenija.si\/en\/wp-json\/wp\/v2\/media\/25798"}],"wp:attachment":[{"href":"https:\/\/unikatna-slovenija.si\/en\/wp-json\/wp\/v2\/media?parent=26047"}],"wp:term":[{"taxonomy":"product_brand","embeddable":true,"href":"https:\/\/unikatna-slovenija.si\/en\/wp-json\/wp\/v2\/product_brand?post=26047"},{"taxonomy":"product_cat","embeddable":true,"href":"https:\/\/unikatna-slovenija.si\/en\/wp-json\/wp\/v2\/product_cat?post=26047"},{"taxonomy":"product_tag","embeddable":true,"href":"https:\/\/unikatna-slovenija.si\/en\/wp-json\/wp\/v2\/product_tag?post=26047"}],"curies":[{"name":"wp","href":"https:\/\/api.w.org\/{rel}","templated":true}]}}