{"id":26017,"date":"2022-04-21T23:42:19","date_gmt":"2022-04-21T22:42:19","guid":{"rendered":"https:\/\/unikatna-slovenija.si\/?post_type=product&#038;p=26017"},"modified":"2025-02-27T00:58:57","modified_gmt":"2025-02-26T23:58:57","slug":"soleil-blanc-tom-ford","status":"publish","type":"product","link":"https:\/\/unikatna-slovenija.si\/en\/trgovina\/soleil-blanc-tom-ford\/","title":{"rendered":"SOLEIL BLANC &#8211; Tom Ford"},"content":{"rendered":"","protected":false},"excerpt":{"rendered":"<p><strong>UNISEX PARFUM<\/strong><\/p>\n<p>Soleil Blanc Tom Ford je lahek orientalski parfum za \u017eenske in mo\u0161ke. Parfum je obogaten s sadno cvetli\u010dnimi notami, navdihnjen po son\u010dni toploti. Formulo tega lahkega parfuma v zgornjih notah sestavljajo bergamotka, kardamom, pistacija in roza poper. V osr\u010dju di\u0161ave so jasmin, tuberoza, in mo\u010dna nota ylang ylanga. Osnovo di\u0161ave sestavljajo prevladujo\u010de note, katere so kokos v kombinaciji z jantarjem, zrna tonke in benzoin.<\/p>\n","protected":false},"featured_media":27254,"template":"","meta":[],"product_brand":[],"product_cat":[221,731],"product_tag":[269],"class_list":{"0":"post-26017","1":"product","2":"type-product","3":"status-publish","4":"has-post-thumbnail","6":"product_cat-parfumi","7":"product_cat-unisex-parfumi","8":"product_tag-tom-ford","9":"pa_kolicina-15ml","10":"pa_kolicina-30ml","11":"pa_kolicina-50ml","12":"pa_kolicina-100ml","14":"first","15":"outofstock","16":"purchasable","17":"product-type-variable"},"aioseo_notices":[],"_links":{"self":[{"href":"https:\/\/unikatna-slovenija.si\/en\/wp-json\/wp\/v2\/product\/26017","targetHints":{"allow":["GET"]}}],"collection":[{"href":"https:\/\/unikatna-slovenija.si\/en\/wp-json\/wp\/v2\/product"}],"about":[{"href":"https:\/\/unikatna-slovenija.si\/en\/wp-json\/wp\/v2\/types\/product"}],"wp:featuredmedia":[{"embeddable":true,"href":"https:\/\/unikatna-slovenija.si\/en\/wp-json\/wp\/v2\/media\/27254"}],"wp:attachment":[{"href":"https:\/\/unikatna-slovenija.si\/en\/wp-json\/wp\/v2\/media?parent=26017"}],"wp:term":[{"taxonomy":"product_brand","embeddable":true,"href":"https:\/\/unikatna-slovenija.si\/en\/wp-json\/wp\/v2\/product_brand?post=26017"},{"taxonomy":"product_cat","embeddable":true,"href":"https:\/\/unikatna-slovenija.si\/en\/wp-json\/wp\/v2\/product_cat?post=26017"},{"taxonomy":"product_tag","embeddable":true,"href":"https:\/\/unikatna-slovenija.si\/en\/wp-json\/wp\/v2\/product_tag?post=26017"}],"curies":[{"name":"wp","href":"https:\/\/api.w.org\/{rel}","templated":true}]}}