{"id":26012,"date":"2022-04-21T23:42:18","date_gmt":"2022-04-21T22:42:18","guid":{"rendered":"https:\/\/unikatna-slovenija.si\/?post_type=product&#038;p=26012"},"modified":"2025-02-27T00:58:26","modified_gmt":"2025-02-26T23:58:26","slug":"chocolate-greedy-montale","status":"publish","type":"product","link":"https:\/\/unikatna-slovenija.si\/en\/trgovina\/chocolate-greedy-montale\/","title":{"rendered":"CHOCOLATE GREEDY &#8211; Montale"},"content":{"rendered":"","protected":false},"excerpt":{"rendered":"<p><strong>UNISEX PARFUM<\/strong><\/p>\n<p>Chocolate Greedy Montale je orientalska vanilijeva di\u0161ava za \u017eenske in mo\u0161ke z izrazitim akordom kakava. Di\u0161e\u010da sestava parfuma je sestavljena iz akordov kave, kakava, fi\u017eola tonke, vro\u010de pomaran\u010de, vanilje in suhega sadja. Je aroma, ki zdru\u017euje prevladujo\u010d kakav in toplo za\u010dinjeno stran s sladkimi vanilijevimi notami z dotikom kave. Di\u0161ava je izpopolnjena &#8211; gurmanska, vabljiva, rahla in zelo \u010dutna. Montale Chocolate Greedy je odli\u010dna di\u0161ava za vse ljubitelje \u010dokolade.<\/p>\n","protected":false},"featured_media":27254,"template":"","meta":[],"product_brand":[],"product_cat":[221,731],"product_tag":[778],"class_list":{"0":"post-26012","1":"product","2":"type-product","3":"status-publish","4":"has-post-thumbnail","6":"product_cat-parfumi","7":"product_cat-unisex-parfumi","8":"product_tag-montale","9":"pa_kolicina-15ml","10":"pa_kolicina-30ml","11":"pa_kolicina-50ml","12":"pa_kolicina-100ml","14":"first","15":"outofstock","16":"purchasable","17":"product-type-variable"},"aioseo_notices":[],"_links":{"self":[{"href":"https:\/\/unikatna-slovenija.si\/en\/wp-json\/wp\/v2\/product\/26012","targetHints":{"allow":["GET"]}}],"collection":[{"href":"https:\/\/unikatna-slovenija.si\/en\/wp-json\/wp\/v2\/product"}],"about":[{"href":"https:\/\/unikatna-slovenija.si\/en\/wp-json\/wp\/v2\/types\/product"}],"wp:featuredmedia":[{"embeddable":true,"href":"https:\/\/unikatna-slovenija.si\/en\/wp-json\/wp\/v2\/media\/27254"}],"wp:attachment":[{"href":"https:\/\/unikatna-slovenija.si\/en\/wp-json\/wp\/v2\/media?parent=26012"}],"wp:term":[{"taxonomy":"product_brand","embeddable":true,"href":"https:\/\/unikatna-slovenija.si\/en\/wp-json\/wp\/v2\/product_brand?post=26012"},{"taxonomy":"product_cat","embeddable":true,"href":"https:\/\/unikatna-slovenija.si\/en\/wp-json\/wp\/v2\/product_cat?post=26012"},{"taxonomy":"product_tag","embeddable":true,"href":"https:\/\/unikatna-slovenija.si\/en\/wp-json\/wp\/v2\/product_tag?post=26012"}],"curies":[{"name":"wp","href":"https:\/\/api.w.org\/{rel}","templated":true}]}}