{"id":25991,"date":"2022-04-21T23:42:05","date_gmt":"2022-04-21T22:42:05","guid":{"rendered":"https:\/\/unikatna-slovenija.si\/?post_type=product&#038;p=25991"},"modified":"2025-02-27T00:58:12","modified_gmt":"2025-02-26T23:58:12","slug":"baccarat-rouge-540-maison-francis-kurkdjian","status":"publish","type":"product","link":"https:\/\/unikatna-slovenija.si\/en\/trgovina\/baccarat-rouge-540-maison-francis-kurkdjian\/","title":{"rendered":"BACCARAT ROUGE 540 &#8211; Maison Francis Kurkdjian"},"content":{"rendered":"","protected":false},"excerpt":{"rendered":"<p><strong>UNISEX PARFUM<\/strong><\/p>\n<p>Baccarat Rouge 540 Maison Francis Kurkdjian je orientalsko cvetli\u010dni parfum, ki je namenjen tako \u017eenskam kot mo\u0161kim. Romanti\u010dna di\u0161avna sestava se odpira z intenzivnimi toni jasmina in \u017eafrana. Postopoma prodrejo akordi lesnega in sivega jantarja, ki di\u0161avi dajeta pridih smetane in sladkorja. V zaklju\u010dku va\u0161e \u010dute pote\u0161i smola jelke v dru\u017ebi cedre.<\/p>\n","protected":false},"featured_media":27254,"template":"","meta":[],"product_brand":[],"product_cat":[231,221,731,222],"product_tag":[770],"class_list":{"0":"post-25991","1":"product","2":"type-product","3":"status-publish","4":"has-post-thumbnail","6":"product_cat-moski-parfumi","7":"product_cat-parfumi","8":"product_cat-unisex-parfumi","9":"product_cat-zenski-parfumi","10":"product_tag-maison-francis-kurkdjian","11":"pa_kolicina-15ml","12":"pa_kolicina-30ml","13":"pa_kolicina-50ml","14":"pa_kolicina-100ml","16":"first","17":"instock","18":"purchasable","19":"product-type-variable"},"aioseo_notices":[],"_links":{"self":[{"href":"https:\/\/unikatna-slovenija.si\/en\/wp-json\/wp\/v2\/product\/25991","targetHints":{"allow":["GET"]}}],"collection":[{"href":"https:\/\/unikatna-slovenija.si\/en\/wp-json\/wp\/v2\/product"}],"about":[{"href":"https:\/\/unikatna-slovenija.si\/en\/wp-json\/wp\/v2\/types\/product"}],"wp:featuredmedia":[{"embeddable":true,"href":"https:\/\/unikatna-slovenija.si\/en\/wp-json\/wp\/v2\/media\/27254"}],"wp:attachment":[{"href":"https:\/\/unikatna-slovenija.si\/en\/wp-json\/wp\/v2\/media?parent=25991"}],"wp:term":[{"taxonomy":"product_brand","embeddable":true,"href":"https:\/\/unikatna-slovenija.si\/en\/wp-json\/wp\/v2\/product_brand?post=25991"},{"taxonomy":"product_cat","embeddable":true,"href":"https:\/\/unikatna-slovenija.si\/en\/wp-json\/wp\/v2\/product_cat?post=25991"},{"taxonomy":"product_tag","embeddable":true,"href":"https:\/\/unikatna-slovenija.si\/en\/wp-json\/wp\/v2\/product_tag?post=25991"}],"curies":[{"name":"wp","href":"https:\/\/api.w.org\/{rel}","templated":true}]}}