{"id":25978,"date":"2022-04-21T23:42:04","date_gmt":"2022-04-21T22:42:04","guid":{"rendered":"https:\/\/unikatna-slovenija.si\/?post_type=product&#038;p=25978"},"modified":"2022-08-08T18:58:15","modified_gmt":"2022-08-08T17:58:15","slug":"diseca-olja-za-dom-paculi","status":"publish","type":"product","link":"https:\/\/unikatna-slovenija.si\/en\/trgovina\/diseca-olja-za-dom-paculi\/","title":{"rendered":"Di\u0161e\u010da olja za dom PA\u010cULI"},"content":{"rendered":"","protected":false},"excerpt":{"rendered":"<p>\u2705\u00a0 <strong>45 razli\u010dnih vonjev<\/strong><br \/>\n\u2705\u00a0 Di\u0161e\u010da olja so <strong>sinteti\u010dna eteri\u010dna olja za dom<\/strong><br \/>\n\u2705\u00a0 Uporabljajo se za <strong>odi\u0161avljanje prostorov<\/strong><br \/>\n\u2705\u00a0 <strong>Enostavna za uporabo<\/strong>: dodajte olje na izparilnik iz katerega se vonj raz\u0161iri po prostoru.<br \/>\n\u2705\u00a0 Imajo spro\u0161\u010dujo\u010d u\u010dinek<\/p>\n","protected":false},"featured_media":25882,"template":"","meta":[],"product_brand":[],"product_cat":[643,646],"product_tag":[],"class_list":{"0":"post-25978","1":"product","2":"type-product","3":"status-publish","4":"has-post-thumbnail","6":"product_cat-disave-za-dom","7":"product_cat-diseca-olja","9":"first","10":"instock","11":"shipping-taxable","12":"purchasable","13":"product-type-simple"},"aioseo_notices":[],"_links":{"self":[{"href":"https:\/\/unikatna-slovenija.si\/en\/wp-json\/wp\/v2\/product\/25978","targetHints":{"allow":["GET"]}}],"collection":[{"href":"https:\/\/unikatna-slovenija.si\/en\/wp-json\/wp\/v2\/product"}],"about":[{"href":"https:\/\/unikatna-slovenija.si\/en\/wp-json\/wp\/v2\/types\/product"}],"wp:featuredmedia":[{"embeddable":true,"href":"https:\/\/unikatna-slovenija.si\/en\/wp-json\/wp\/v2\/media\/25882"}],"wp:attachment":[{"href":"https:\/\/unikatna-slovenija.si\/en\/wp-json\/wp\/v2\/media?parent=25978"}],"wp:term":[{"taxonomy":"product_brand","embeddable":true,"href":"https:\/\/unikatna-slovenija.si\/en\/wp-json\/wp\/v2\/product_brand?post=25978"},{"taxonomy":"product_cat","embeddable":true,"href":"https:\/\/unikatna-slovenija.si\/en\/wp-json\/wp\/v2\/product_cat?post=25978"},{"taxonomy":"product_tag","embeddable":true,"href":"https:\/\/unikatna-slovenija.si\/en\/wp-json\/wp\/v2\/product_tag?post=25978"}],"curies":[{"name":"wp","href":"https:\/\/api.w.org\/{rel}","templated":true}]}}