{"id":25637,"date":"2022-04-21T23:40:00","date_gmt":"2022-04-21T22:40:00","guid":{"rendered":"https:\/\/unikatna-slovenija.si\/?post_type=product&#038;p=25637"},"modified":"2025-02-27T00:55:42","modified_gmt":"2025-02-26T23:55:42","slug":"hugo-man-hugo-boss","status":"publish","type":"product","link":"https:\/\/unikatna-slovenija.si\/en\/trgovina\/hugo-man-hugo-boss\/","title":{"rendered":"HUGO MAN &#8211; Hugo Boss"},"content":{"rendered":"","protected":false},"excerpt":{"rendered":"<p><strong>MO\u0160KI PARFUM<\/strong><\/p>\n<p>HUGO MAN Hugo Boss odra\u017ea moto, da pravila obstajajo zato, da se kr\u0161ijo. Ne posku\u0161ajte se upreti in razi\u0161\u010dite svoje zmo\u017enosti do maksimuma. Osve\u017eujo\u010d uvod di\u0161avne sestave tvorita grenivka in zeleno jabolko, dopolnjeno z zeli\u0161\u010di meto, baziliko in sivko. V srcu di\u0161ave se skriva nenavadna me\u0161anica cvetli\u010dnih akordov nageljnov, jasmina in \u017eajblja z esencami geranije. Zaklju\u010dek di\u0161ave obarvajo predvsem lesni toni cedre in jelke, ki jih poudari pa\u010duli. Parfum Hugo Man najbolj pristaja energi\u010dnim mo\u0161kim, ki se ne bojijo izzivov.<\/p>\n","protected":false},"featured_media":25655,"template":"","meta":[],"product_brand":[],"product_cat":[231,221],"product_tag":[242],"class_list":{"0":"post-25637","1":"product","2":"type-product","3":"status-publish","4":"has-post-thumbnail","6":"product_cat-moski-parfumi","7":"product_cat-parfumi","8":"product_tag-hugo-boss","9":"pa_kolicina-15ml","10":"pa_kolicina-30ml","11":"pa_kolicina-50ml","12":"pa_kolicina-100ml","14":"first","15":"instock","16":"purchasable","17":"product-type-variable"},"aioseo_notices":[],"_links":{"self":[{"href":"https:\/\/unikatna-slovenija.si\/en\/wp-json\/wp\/v2\/product\/25637","targetHints":{"allow":["GET"]}}],"collection":[{"href":"https:\/\/unikatna-slovenija.si\/en\/wp-json\/wp\/v2\/product"}],"about":[{"href":"https:\/\/unikatna-slovenija.si\/en\/wp-json\/wp\/v2\/types\/product"}],"wp:featuredmedia":[{"embeddable":true,"href":"https:\/\/unikatna-slovenija.si\/en\/wp-json\/wp\/v2\/media\/25655"}],"wp:attachment":[{"href":"https:\/\/unikatna-slovenija.si\/en\/wp-json\/wp\/v2\/media?parent=25637"}],"wp:term":[{"taxonomy":"product_brand","embeddable":true,"href":"https:\/\/unikatna-slovenija.si\/en\/wp-json\/wp\/v2\/product_brand?post=25637"},{"taxonomy":"product_cat","embeddable":true,"href":"https:\/\/unikatna-slovenija.si\/en\/wp-json\/wp\/v2\/product_cat?post=25637"},{"taxonomy":"product_tag","embeddable":true,"href":"https:\/\/unikatna-slovenija.si\/en\/wp-json\/wp\/v2\/product_tag?post=25637"}],"curies":[{"name":"wp","href":"https:\/\/api.w.org\/{rel}","templated":true}]}}