{"id":24451,"date":"2021-11-25T21:47:07","date_gmt":"2021-11-25T20:47:07","guid":{"rendered":"https:\/\/unikatna-slovenija.si\/trgovina\/leonora-sole\/"},"modified":"2022-07-29T16:29:58","modified_gmt":"2022-07-29T15:29:58","slug":"leonora-sole","status":"publish","type":"product","link":"https:\/\/unikatna-slovenija.si\/en\/trgovina\/leonora-sole\/","title":{"rendered":"Leonora Sole"},"content":{"rendered":"<p><strong>Unikatna lesena torbica v kombinaciji lesa z usnjem in galvanizirano srebrno veri\u017eico z dodatkom usnja. Na lesenem delu so torbici dodani Swarovski kristali.<\/strong><\/p>\n<p>Torbico\u00a0lahko nosite na ve\u010d na\u010dinov: v roki, \u010dez telo ali na eni rami.<\/p>\n<ul>\n<li>Eleganten in drzen dizajn, visoka kvaliteta, unikatna, moderna, ro\u010dno se\u0161ito usnje in obdelan les premazan z ekolo\u0161kim rustikalnim oljem<\/li>\n<li>Dimenzije: 27,5 cm \u0161irine\/22 cm vi\u0161ina (z ro\u010dajem 29cm)\/ 9cm globina<\/li>\n<li>Zapiranje z dvema magnetoma<\/li>\n<li>Lesen ro\u010daj<\/li>\n<li>Torbica ima znotraj svilnato podlogo<\/li>\n<li>Notranji \u017eep z zadrgo in dva manj\u0161a \u017eepka<\/li>\n<li>Prilo\u017eena galvanizirana veri\u017eica v kombinaciji usnja za no\u0161enje \u010dez ramo. Dol\u017eina pa\u0161\u010dka: 120 cm.<\/li>\n<li>Material: vezana plo\u0161\u010da bukev, pravo usnje, svilnata podloga, Swarovski kristali<\/li>\n<\/ul>\n","protected":false},"excerpt":{"rendered":"<p>Sem edinstvena lesena torbica z veliko pozornosti, ki jo pritegnem od mimoido\u010dih. \u010ce me \u017eeli\u0161 me naro\u010di iz zaloge ali pa me naro\u010di po svojih \u017eeljah na info@unikatna-slovenija.si<\/p>\n","protected":false},"featured_media":24423,"template":"","meta":[],"product_brand":[],"product_cat":[635,264],"product_tag":[],"class_list":{"0":"post-24451","1":"product","2":"type-product","3":"status-publish","4":"has-post-thumbnail","6":"product_cat-lesene-torbe","7":"product_cat-leseni-nakit","9":"first","10":"outofstock","11":"purchasable","12":"product-type-simple"},"aioseo_notices":[],"_links":{"self":[{"href":"https:\/\/unikatna-slovenija.si\/en\/wp-json\/wp\/v2\/product\/24451","targetHints":{"allow":["GET"]}}],"collection":[{"href":"https:\/\/unikatna-slovenija.si\/en\/wp-json\/wp\/v2\/product"}],"about":[{"href":"https:\/\/unikatna-slovenija.si\/en\/wp-json\/wp\/v2\/types\/product"}],"wp:featuredmedia":[{"embeddable":true,"href":"https:\/\/unikatna-slovenija.si\/en\/wp-json\/wp\/v2\/media\/24423"}],"wp:attachment":[{"href":"https:\/\/unikatna-slovenija.si\/en\/wp-json\/wp\/v2\/media?parent=24451"}],"wp:term":[{"taxonomy":"product_brand","embeddable":true,"href":"https:\/\/unikatna-slovenija.si\/en\/wp-json\/wp\/v2\/product_brand?post=24451"},{"taxonomy":"product_cat","embeddable":true,"href":"https:\/\/unikatna-slovenija.si\/en\/wp-json\/wp\/v2\/product_cat?post=24451"},{"taxonomy":"product_tag","embeddable":true,"href":"https:\/\/unikatna-slovenija.si\/en\/wp-json\/wp\/v2\/product_tag?post=24451"}],"curies":[{"name":"wp","href":"https:\/\/api.w.org\/{rel}","templated":true}]}}