{"id":20170,"date":"2020-11-20T09:29:20","date_gmt":"2020-11-20T08:29:20","guid":{"rendered":"https:\/\/unikatna-slovenija.si\/?post_type=product&#038;p=20170"},"modified":"2025-02-27T00:57:42","modified_gmt":"2025-02-26T23:57:42","slug":"essential-lacoste","status":"publish","type":"product","link":"https:\/\/unikatna-slovenija.si\/en\/trgovina\/essential-lacoste\/","title":{"rendered":"Essential &#8211; Lacoste"},"content":{"rendered":"<section class=\"wpb-content-wrapper\"><p>[vc_row][vc_column][vc_column_text]<\/p>\n<div class=\"col-l\">\n<div class=\"col-r\">\n<div class=\"col-r\">\n<h3 class=\"h4\">Sestavine<\/h3>\n<pre class=\"h5\">Zgornje note: sadne note, citrusi, paradi\u017enikovi listi, vodni cvet<\/pre>\n<pre class=\"h5\">Bazne note: poper, vrtnica<\/pre>\n<pre class=\"h5\">Sr\u010dne note: sandalovina, pa\u010duli<\/pre>\n<\/div>\n<p><strong>Sestava: INCI:<\/strong>\u00a0Alcohol Denat, Parfum, Aqua, Triethyl Citrate, Alergeny Citronellol, Isoeugenol, Limonene, Linalool, Benzyl Salicylate<\/p>\n<p><strong>OPOZORILO:<\/strong>\u00a0Ni u\u017eitno, shranjujte stran od otrok<\/p>\n<p><strong>Datum uporabe<\/strong>: natisnjen na deklaraciji parfuma<\/p>\n<\/div>\n<\/div>\n<p>[\/vc_column_text][\/vc_column][\/vc_row]<\/p>\n<\/section>","protected":false},"excerpt":{"rendered":"<p>Essential je izbrana di\u0161ava za mo\u0161ke, ki bo v vas izzvala ob\u010dutek popolne svobode. Njena posebnost vas bo v trenutku zbudila in vam dala energijo.<\/p>\n<p>Sve\u017ei vonj po citrusih, sadju in vodnem cvetju vas bo navdal s sve\u017eino in lahkotnostjo. Z di\u0161avo se boste po\u010dutil svobodno, prosto in neodvisno. Parfum je sve\u017e in pomirjajo\u010d, klasi\u010den in moderen, pa tudi \u017eivahen in prefinjen. Primeren je za mo\u0161ke, ki se radi zabavajo in zajemajo \u017eivljenje s polno \u017elico.<\/p>\n","protected":false},"featured_media":10695,"template":"","meta":[],"product_brand":[],"product_cat":[231,221],"product_tag":[223,358],"class_list":{"0":"post-20170","1":"product","2":"type-product","3":"status-publish","4":"has-post-thumbnail","6":"product_cat-moski-parfumi","7":"product_cat-parfumi","8":"product_tag-lacoste","9":"product_tag-lesni","10":"pa_kolicina-15ml","11":"pa_kolicina-30ml","12":"pa_kolicina-50ml","13":"pa_kolicina-100ml","15":"first","16":"instock","17":"shipping-taxable","18":"purchasable","19":"product-type-variable"},"aioseo_notices":[],"_links":{"self":[{"href":"https:\/\/unikatna-slovenija.si\/en\/wp-json\/wp\/v2\/product\/20170","targetHints":{"allow":["GET"]}}],"collection":[{"href":"https:\/\/unikatna-slovenija.si\/en\/wp-json\/wp\/v2\/product"}],"about":[{"href":"https:\/\/unikatna-slovenija.si\/en\/wp-json\/wp\/v2\/types\/product"}],"wp:featuredmedia":[{"embeddable":true,"href":"https:\/\/unikatna-slovenija.si\/en\/wp-json\/wp\/v2\/media\/10695"}],"wp:attachment":[{"href":"https:\/\/unikatna-slovenija.si\/en\/wp-json\/wp\/v2\/media?parent=20170"}],"wp:term":[{"taxonomy":"product_brand","embeddable":true,"href":"https:\/\/unikatna-slovenija.si\/en\/wp-json\/wp\/v2\/product_brand?post=20170"},{"taxonomy":"product_cat","embeddable":true,"href":"https:\/\/unikatna-slovenija.si\/en\/wp-json\/wp\/v2\/product_cat?post=20170"},{"taxonomy":"product_tag","embeddable":true,"href":"https:\/\/unikatna-slovenija.si\/en\/wp-json\/wp\/v2\/product_tag?post=20170"}],"curies":[{"name":"wp","href":"https:\/\/api.w.org\/{rel}","templated":true}]}}