{"id":19759,"date":"2020-11-10T08:33:06","date_gmt":"2020-11-10T07:33:06","guid":{"rendered":"https:\/\/unikatna-slovenija.si\/trgovina\/womanity-thierry-mugler-copy\/"},"modified":"2025-02-27T00:57:12","modified_gmt":"2025-02-26T23:57:12","slug":"angel-nova-thierry-mugler","status":"publish","type":"product","link":"https:\/\/unikatna-slovenija.si\/en\/trgovina\/angel-nova-thierry-mugler\/","title":{"rendered":"Angel Nova &#8211; Thierry Mugler"},"content":{"rendered":"<section class=\"wpb-content-wrapper\"><p>[vc_row][vc_column][vc_column_text]<\/p>\n<div class=\"col-r\">\n<p>Sestavine<\/p>\n<div class=\"col-r\">\n<pre class=\"h5\">Zgornje note: malina, li\u010di<\/pre>\n<pre class=\"h5\">Bazne note: akigalawood, benzoin<\/pre>\n<pre class=\"h5\">Sr\u010dne note: Bolgarska vrtnica<\/pre>\n<\/div>\n<p>&nbsp;<\/p>\n<p><strong>Sestava: INCI:<\/strong>\u00a0Alcohol Denat, Parfum, Aqua, Alergeny Citronellol, Iso Eugenol, Limonene, Linalool, Benzyl Salicylate<\/p>\n<p><strong>OPOZORILO:<\/strong>\u00a0Ni u\u017eitno, shranjujte stran od otrok<\/p>\n<p><strong>Datum uporabe:<\/strong>\u00a0natisnjen na deklaraciji parfuma<\/p>\n<\/div>\n<p>[\/vc_column_text][\/vc_column][\/vc_row]<\/p>\n<\/section>","protected":false},"excerpt":{"rendered":"<p><strong>\u017dENSKI PARFUM<\/strong><\/p>\n<p>Postanite vse, kar si \u017eelite. Postanite zvezda! Angel Nova Thierry Mugler podpre va\u0161e \u017eelje do\u017eiveti vse tisto, kar se zaenkrat dogaja le v va\u0161ih sanjah. Odli\u010dna sadno cvetli\u010dna di\u0161ava z lesnimi podtoni ima naravno, obenem pa elegantno di\u0161avno sestavo. Prvi trenutki so posve\u010deni sadnim tonom, v katerih prevladuje okusna malina. \u010cez nekaj trenutkov na polno zadi\u0161i kraljica vseh ro\u017e \u2013 vrtnica. Njena izredno omamna vsebina je rezultat kombinacije z lesnimi podtoni.<\/p>\n","protected":false},"featured_media":10683,"template":"","meta":[],"product_brand":[],"product_cat":[221,222],"product_tag":[356,358,280],"class_list":{"0":"post-19759","1":"product","2":"type-product","3":"status-publish","4":"has-post-thumbnail","6":"product_cat-parfumi","7":"product_cat-zenski-parfumi","8":"product_tag-cvetlicni","9":"product_tag-lesni","10":"product_tag-thierry-mugler","11":"pa_kolicina-15ml","12":"pa_kolicina-30ml","13":"pa_kolicina-50ml","14":"pa_kolicina-100ml","16":"first","17":"instock","18":"shipping-taxable","19":"purchasable","20":"product-type-variable"},"aioseo_notices":[],"_links":{"self":[{"href":"https:\/\/unikatna-slovenija.si\/en\/wp-json\/wp\/v2\/product\/19759","targetHints":{"allow":["GET"]}}],"collection":[{"href":"https:\/\/unikatna-slovenija.si\/en\/wp-json\/wp\/v2\/product"}],"about":[{"href":"https:\/\/unikatna-slovenija.si\/en\/wp-json\/wp\/v2\/types\/product"}],"wp:featuredmedia":[{"embeddable":true,"href":"https:\/\/unikatna-slovenija.si\/en\/wp-json\/wp\/v2\/media\/10683"}],"wp:attachment":[{"href":"https:\/\/unikatna-slovenija.si\/en\/wp-json\/wp\/v2\/media?parent=19759"}],"wp:term":[{"taxonomy":"product_brand","embeddable":true,"href":"https:\/\/unikatna-slovenija.si\/en\/wp-json\/wp\/v2\/product_brand?post=19759"},{"taxonomy":"product_cat","embeddable":true,"href":"https:\/\/unikatna-slovenija.si\/en\/wp-json\/wp\/v2\/product_cat?post=19759"},{"taxonomy":"product_tag","embeddable":true,"href":"https:\/\/unikatna-slovenija.si\/en\/wp-json\/wp\/v2\/product_tag?post=19759"}],"curies":[{"name":"wp","href":"https:\/\/api.w.org\/{rel}","templated":true}]}}