{"id":18512,"date":"2020-06-16T10:29:57","date_gmt":"2020-06-16T09:29:57","guid":{"rendered":"https:\/\/unikatna-slovenija.si\/trgovina\/poison-dior-copy-2\/"},"modified":"2025-02-27T00:53:27","modified_gmt":"2025-02-26T23:53:27","slug":"dune-dior","status":"publish","type":"product","link":"https:\/\/unikatna-slovenija.si\/en\/trgovina\/dune-dior\/","title":{"rendered":"DUNE &#8211; Dior"},"content":{"rendered":"<section class=\"wpb-content-wrapper\"><p>[vc_row][vc_column][vc_column_text]Sestavine<\/p>\n<div class=\"col-r\">\n<pre class=\"h5\">Zgornje note: mandarina, aldehidi, bergamotka, potonika<\/pre>\n<pre class=\"h5\">Bazne note: jasmin, vrtnica, lilija, ylang ylang<\/pre>\n<pre class=\"h5\">Sr\u010dne note: mah, vanilija, jantar, mo\u0161us, sandalovina<\/pre>\n<\/div>\n<p><strong>\u00a0<\/strong><strong>Sestava: INCI:<\/strong> Alcohol Denat, Parfum, D\u2013Limonene, Aqua, Triethyl Citrate, Citral, Citronellol, Coumarin, Geraniol, Hexyl Cinnamal, Hydroxyisohexyl 3-Cyclohexene Carboxaldehyde, Isoeugenol, Linalool, Buthylphenyl Methylpropional<\/p>\n<p><strong>OPOZORILO:<\/strong>\u00a0Ni u\u017eitno, shranjujte stran od otrok<\/p>\n<p><strong>Datum uporabe:<\/strong>\u00a0natisnjen na deklaraciji parfuma[\/vc_column_text][\/vc_column][\/vc_row]<\/p>\n<\/section>","protected":false},"excerpt":{"rendered":"<p>Dune je sladko lesna, rahlo za\u010dinjena di\u0161ava za \u017eenske. Najprej vas pritegnejo lesne note s pridihom za\u010dimb in cvetja. Kasneje za\u010dutite za\u010dinjene note, ki so obdane s sladkim okusom.<\/p>\n","protected":false},"featured_media":10683,"template":"","meta":[],"product_brand":[],"product_cat":[221,222],"product_tag":[356,236,358],"class_list":{"0":"post-18512","1":"product","2":"type-product","3":"status-publish","4":"has-post-thumbnail","6":"product_cat-parfumi","7":"product_cat-zenski-parfumi","8":"product_tag-cvetlicni","9":"product_tag-dior","10":"product_tag-lesni","11":"pa_kolicina-15ml","12":"pa_kolicina-30ml","13":"pa_kolicina-50ml","14":"pa_kolicina-100ml","16":"first","17":"instock","18":"shipping-taxable","19":"purchasable","20":"product-type-variable"},"aioseo_notices":[],"_links":{"self":[{"href":"https:\/\/unikatna-slovenija.si\/en\/wp-json\/wp\/v2\/product\/18512","targetHints":{"allow":["GET"]}}],"collection":[{"href":"https:\/\/unikatna-slovenija.si\/en\/wp-json\/wp\/v2\/product"}],"about":[{"href":"https:\/\/unikatna-slovenija.si\/en\/wp-json\/wp\/v2\/types\/product"}],"wp:featuredmedia":[{"embeddable":true,"href":"https:\/\/unikatna-slovenija.si\/en\/wp-json\/wp\/v2\/media\/10683"}],"wp:attachment":[{"href":"https:\/\/unikatna-slovenija.si\/en\/wp-json\/wp\/v2\/media?parent=18512"}],"wp:term":[{"taxonomy":"product_brand","embeddable":true,"href":"https:\/\/unikatna-slovenija.si\/en\/wp-json\/wp\/v2\/product_brand?post=18512"},{"taxonomy":"product_cat","embeddable":true,"href":"https:\/\/unikatna-slovenija.si\/en\/wp-json\/wp\/v2\/product_cat?post=18512"},{"taxonomy":"product_tag","embeddable":true,"href":"https:\/\/unikatna-slovenija.si\/en\/wp-json\/wp\/v2\/product_tag?post=18512"}],"curies":[{"name":"wp","href":"https:\/\/api.w.org\/{rel}","templated":true}]}}