{"id":18417,"date":"2020-06-02T13:28:21","date_gmt":"2020-06-02T12:28:21","guid":{"rendered":"https:\/\/unikatna-slovenija.si\/trgovina\/angel-edt-2019-thierry-mugler-copy\/"},"modified":"2025-02-27T00:54:41","modified_gmt":"2025-02-26T23:54:41","slug":"twilly-dhermes-hermes","status":"publish","type":"product","link":"https:\/\/unikatna-slovenija.si\/en\/trgovina\/twilly-dhermes-hermes\/","title":{"rendered":"TWILLY D&#8217;HERMES &#8211; Hermes"},"content":{"rendered":"<section class=\"wpb-content-wrapper\"><p>[vc_row][vc_column][vc_column_text]<\/p>\n<div class=\"col-r\">\n<p>Sestavine<\/p>\n<div class=\"col-r\">\n<pre class=\"h5\">Zgornje note: ingver, bergamotka, grenka pomaran\u010da<\/pre>\n<pre class=\"h5\">Bazne note: vanilija, sandalovina<\/pre>\n<pre class=\"h5\">Sr\u010dne note: tuberoza, jasmin, pomaran\u010dni cvet<\/pre>\n<\/div>\n<p><strong>Sestava: INCI:<\/strong> Alcohol Denat, Parfum, Aqua, Alergeny Citronellol, Iso Eugenol, Limonene, Linalool, Benzyl Salicylate<\/p>\n<p><strong>OPOZORILO:<\/strong>\u00a0Ni u\u017eitno, shranjujte stran od otrok<\/p>\n<p><strong>Datum uporabe:<\/strong>\u00a0natisnjen na deklaraciji parfuma<\/p>\n<\/div>\n<p>[\/vc_column_text][\/vc_column][\/vc_row]<\/p>\n<\/section>","protected":false},"excerpt":{"rendered":"<p>Twilly D&#8217;Hermes je razigrana in vesela di\u0161ava, ki ji ne manjka elegance. Parfum je primeren za vsakodnevno no\u0161enje, brez skrbi pa ga lahko uporabite tudi za posebne prilo\u017enosti.o.<\/p>\n","protected":false},"featured_media":10683,"template":"","meta":[],"product_brand":[],"product_cat":[221,222],"product_tag":[356,244],"class_list":{"0":"post-18417","1":"product","2":"type-product","3":"status-publish","4":"has-post-thumbnail","6":"product_cat-parfumi","7":"product_cat-zenski-parfumi","8":"product_tag-cvetlicni","9":"product_tag-hermes","10":"pa_kolicina-15ml","11":"pa_kolicina-30ml","12":"pa_kolicina-50ml","13":"pa_kolicina-100ml","15":"first","16":"instock","17":"shipping-taxable","18":"purchasable","19":"product-type-variable"},"aioseo_notices":[],"_links":{"self":[{"href":"https:\/\/unikatna-slovenija.si\/en\/wp-json\/wp\/v2\/product\/18417","targetHints":{"allow":["GET"]}}],"collection":[{"href":"https:\/\/unikatna-slovenija.si\/en\/wp-json\/wp\/v2\/product"}],"about":[{"href":"https:\/\/unikatna-slovenija.si\/en\/wp-json\/wp\/v2\/types\/product"}],"wp:featuredmedia":[{"embeddable":true,"href":"https:\/\/unikatna-slovenija.si\/en\/wp-json\/wp\/v2\/media\/10683"}],"wp:attachment":[{"href":"https:\/\/unikatna-slovenija.si\/en\/wp-json\/wp\/v2\/media?parent=18417"}],"wp:term":[{"taxonomy":"product_brand","embeddable":true,"href":"https:\/\/unikatna-slovenija.si\/en\/wp-json\/wp\/v2\/product_brand?post=18417"},{"taxonomy":"product_cat","embeddable":true,"href":"https:\/\/unikatna-slovenija.si\/en\/wp-json\/wp\/v2\/product_cat?post=18417"},{"taxonomy":"product_tag","embeddable":true,"href":"https:\/\/unikatna-slovenija.si\/en\/wp-json\/wp\/v2\/product_tag?post=18417"}],"curies":[{"name":"wp","href":"https:\/\/api.w.org\/{rel}","templated":true}]}}