{"id":18405,"date":"2020-06-02T13:09:59","date_gmt":"2020-06-02T12:09:59","guid":{"rendered":"https:\/\/unikatna-slovenija.si\/trgovina\/black-opium-nuit-blanche-yves-saint-laurent-copy\/"},"modified":"2025-02-27T00:53:54","modified_gmt":"2025-02-26T23:53:54","slug":"libre-yves-saint-laurent","status":"publish","type":"product","link":"https:\/\/unikatna-slovenija.si\/en\/trgovina\/libre-yves-saint-laurent\/","title":{"rendered":"LIBRE- Yves Saint Laurent"},"content":{"rendered":"<section class=\"wpb-content-wrapper\"><p>[vc_row][vc_column][vc_column_text]Sestavine<\/p>\n<div class=\"col-r\">\n<pre class=\"h5\">Zgornje note: \u010drni ribez, sivka, mandarina<\/pre>\n<pre class=\"h5\">Bazne note: vanilija, cedra, mo\u0161us, ambra<\/pre>\n<pre class=\"h5\">Sr\u010dne note: jasmin, pomaran\u010dni cvet, sivka<\/pre>\n<\/div>\n<p><b><strong>Sestava: INCI: Alcohol Denat, Parfum, Aqua, Alergeny Citronellol, Iso Eugenol, Limonene, Linalool, Benzyl Salicylate<\/strong><\/b><\/p>\n<p><b><strong>OPOZORILO:<\/strong><\/b> Ni u\u017eitno, shranjujte stran od otrok<\/p>\n<p><b><strong>Datum uporabe:<\/strong><\/b> natisnjen na deklaraciji parfuma[\/vc_column_text][\/vc_column][\/vc_row]<\/p>\n<\/section>","protected":false},"excerpt":{"rendered":"<p>Libre pomeni v franco\u0161\u010dini svoboda in njen pomen je o\u010diten v vseh elementih te \u010dutne di\u0161ave. Libre vas bo navdu\u0161ila s toni sivke in jasmina. Poizkusite svobodo, ki vam jo ponuja parfum, ki je resni\u010dno nekaj posebnega<\/p>\n<p>&nbsp;<\/p>\n","protected":false},"featured_media":10683,"template":"","meta":[],"product_brand":[],"product_cat":[221,222],"product_tag":[356,253],"class_list":{"0":"post-18405","1":"product","2":"type-product","3":"status-publish","4":"has-post-thumbnail","6":"product_cat-parfumi","7":"product_cat-zenski-parfumi","8":"product_tag-cvetlicni","9":"product_tag-yves-saint-laurent","11":"first","12":"instock","13":"shipping-taxable","14":"purchasable","15":"product-type-variable"},"aioseo_notices":[],"_links":{"self":[{"href":"https:\/\/unikatna-slovenija.si\/en\/wp-json\/wp\/v2\/product\/18405","targetHints":{"allow":["GET"]}}],"collection":[{"href":"https:\/\/unikatna-slovenija.si\/en\/wp-json\/wp\/v2\/product"}],"about":[{"href":"https:\/\/unikatna-slovenija.si\/en\/wp-json\/wp\/v2\/types\/product"}],"wp:featuredmedia":[{"embeddable":true,"href":"https:\/\/unikatna-slovenija.si\/en\/wp-json\/wp\/v2\/media\/10683"}],"wp:attachment":[{"href":"https:\/\/unikatna-slovenija.si\/en\/wp-json\/wp\/v2\/media?parent=18405"}],"wp:term":[{"taxonomy":"product_brand","embeddable":true,"href":"https:\/\/unikatna-slovenija.si\/en\/wp-json\/wp\/v2\/product_brand?post=18405"},{"taxonomy":"product_cat","embeddable":true,"href":"https:\/\/unikatna-slovenija.si\/en\/wp-json\/wp\/v2\/product_cat?post=18405"},{"taxonomy":"product_tag","embeddable":true,"href":"https:\/\/unikatna-slovenija.si\/en\/wp-json\/wp\/v2\/product_tag?post=18405"}],"curies":[{"name":"wp","href":"https:\/\/api.w.org\/{rel}","templated":true}]}}