{"id":18393,"date":"2020-06-02T12:44:56","date_gmt":"2020-06-02T11:44:56","guid":{"rendered":"https:\/\/unikatna-slovenija.si\/trgovina\/light-blue-dg-2-copy\/"},"modified":"2025-02-27T00:54:41","modified_gmt":"2025-02-26T23:54:41","slug":"k-by-dolce-gabbana-dg","status":"publish","type":"product","link":"https:\/\/unikatna-slovenija.si\/en\/trgovina\/k-by-dolce-gabbana-dg\/","title":{"rendered":"K by DOLCE &#038; GABBANA &#8211; D&#038;G"},"content":{"rendered":"<section class=\"wpb-content-wrapper\"><p>[vc_row][vc_column][vc_column_text]<\/p>\n<div class=\"col-r\">\n<h3 class=\"h4\">Sestavine<\/h3>\n<pre class=\"h5\">Zgornje note: brinove jagode, citrusi, rde\u010da pomaran\u010da<\/pre>\n<pre class=\"h5\">Bazne note: cedra, vetiver, pa\u010duli<\/pre>\n<pre class=\"h5\">Sr\u010dne note: \u017eajbelj, citrusi, krvomo\u010dnica, sivka<\/pre>\n<\/div>\n<p>&nbsp;<\/p>\n<p><strong>Sestava: INCI:<\/strong> Alcohol Denat, Parfum, Aqua, Triethyl Citrate, Cinnamal, D-Limonene, Citral, Linalool, Caumarin, Eugenol, Hydroxycitronellal, Butylphenyl Methylpropional, Alpha-Isomethyl Ionone<\/p>\n<p><strong>OPOZORILO:<\/strong>\u00a0Ni u\u017eitno, shranjujte stran od otrok<\/p>\n<p><strong>Datum uporabe:<\/strong>\u00a0natisnjen na deklaraciji parfuma[\/vc_column_text][\/vc_column][\/vc_row]<\/p>\n<\/section>","protected":false},"excerpt":{"rendered":"<p>Parfum K by D&amp;G bo vas in va\u0161o okolico prepri\u010dala, da poznate najbolj\u0161o pot do izra\u017eanja mo\u010dnega zna\u010daja in naravne karizme modernega mo\u0161kega. Je odli\u010dna aromati\u010dno lesna di\u0161ava, ki je namenjena za pogumne in samozavestne mo\u0161ke. K kot King!<\/p>\n<div class=\"col-r\"><\/div>\n","protected":false},"featured_media":10695,"template":"","meta":[],"product_brand":[],"product_cat":[231,221],"product_tag":[234,358],"class_list":{"0":"post-18393","1":"product","2":"type-product","3":"status-publish","4":"has-post-thumbnail","6":"product_cat-moski-parfumi","7":"product_cat-parfumi","8":"product_tag-dg","9":"product_tag-lesni","10":"pa_kolicina-15ml","11":"pa_kolicina-30ml","12":"pa_kolicina-50ml","13":"pa_kolicina-100ml","15":"first","16":"outofstock","17":"shipping-taxable","18":"purchasable","19":"product-type-variable"},"aioseo_notices":[],"_links":{"self":[{"href":"https:\/\/unikatna-slovenija.si\/en\/wp-json\/wp\/v2\/product\/18393","targetHints":{"allow":["GET"]}}],"collection":[{"href":"https:\/\/unikatna-slovenija.si\/en\/wp-json\/wp\/v2\/product"}],"about":[{"href":"https:\/\/unikatna-slovenija.si\/en\/wp-json\/wp\/v2\/types\/product"}],"wp:featuredmedia":[{"embeddable":true,"href":"https:\/\/unikatna-slovenija.si\/en\/wp-json\/wp\/v2\/media\/10695"}],"wp:attachment":[{"href":"https:\/\/unikatna-slovenija.si\/en\/wp-json\/wp\/v2\/media?parent=18393"}],"wp:term":[{"taxonomy":"product_brand","embeddable":true,"href":"https:\/\/unikatna-slovenija.si\/en\/wp-json\/wp\/v2\/product_brand?post=18393"},{"taxonomy":"product_cat","embeddable":true,"href":"https:\/\/unikatna-slovenija.si\/en\/wp-json\/wp\/v2\/product_cat?post=18393"},{"taxonomy":"product_tag","embeddable":true,"href":"https:\/\/unikatna-slovenija.si\/en\/wp-json\/wp\/v2\/product_tag?post=18393"}],"curies":[{"name":"wp","href":"https:\/\/api.w.org\/{rel}","templated":true}]}}