{"id":18382,"date":"2020-06-02T12:32:49","date_gmt":"2020-06-02T11:32:49","guid":{"rendered":"https:\/\/unikatna-slovenija.si\/trgovina\/for-her-narciso-rodriguez-copy\/"},"modified":"2025-02-27T00:54:27","modified_gmt":"2025-02-26T23:54:27","slug":"poudree-narciso-roudrigez","status":"publish","type":"product","link":"https:\/\/unikatna-slovenija.si\/en\/trgovina\/poudree-narciso-roudrigez\/","title":{"rendered":"POUDREE &#8211; Narciso Roudrigez"},"content":{"rendered":"<section class=\"wpb-content-wrapper\"><p>[vc_row][vc_column][vc_column_text]Sestavine<\/p>\n<div class=\"col-r\">\n<pre class=\"h5\">Zgornje note: bolgarska vrtnica, jasmin<\/pre>\n<pre class=\"h5\">Bazne note: cedra, vetiver<\/pre>\n<pre class=\"h5\">Sr\u010dne note: mo\u0161us<\/pre>\n<\/div>\n<p style=\"font-weight: 400;\"><b><strong>Sestava: INCI: <\/strong><\/b>Alcohol Denat, Parfum, Aqua, Alergeny Citronellol, Iso Eugenol, Limonene, Linalool, Benzyl Salicylate<\/p>\n<p style=\"font-weight: 400;\"><b><strong>OPOZORILO:<\/strong><\/b>\u00a0Ni u\u017eitno, shranjujte stran od otrok<\/p>\n<p style=\"font-weight: 400;\"><b><strong>Datum uporabe:<\/strong><\/b>\u00a0natisnjen na deklaraciji parfuma<\/p>\n<p>[\/vc_column_text][\/vc_column][\/vc_row]<\/p>\n<\/section>","protected":false},"excerpt":{"rendered":"<p>Ekstremno seksi di\u0161ava je odraz \u017eenstvenosti in \u010dutnosti. Njena zapeljiva sestava spominja na \u017eametnost ko\u017ee. Intenzivno \u017eenstveno \u010dutnost daje di\u0161avi bolgarska vrtnica, ki skupaj z jasminom daje mehkobo in svilnato sled.<\/p>\n","protected":false},"featured_media":10683,"template":"","meta":[],"product_brand":[],"product_cat":[221,222],"product_tag":[356,358,278],"class_list":{"0":"post-18382","1":"product","2":"type-product","3":"status-publish","4":"has-post-thumbnail","6":"product_cat-parfumi","7":"product_cat-zenski-parfumi","8":"product_tag-cvetlicni","9":"product_tag-lesni","10":"product_tag-narciso-rodriguez","11":"pa_kolicina-15ml","12":"pa_kolicina-30ml","13":"pa_kolicina-50ml","14":"pa_kolicina-100ml","16":"first","17":"outofstock","18":"shipping-taxable","19":"purchasable","20":"product-type-variable"},"aioseo_notices":[],"_links":{"self":[{"href":"https:\/\/unikatna-slovenija.si\/en\/wp-json\/wp\/v2\/product\/18382","targetHints":{"allow":["GET"]}}],"collection":[{"href":"https:\/\/unikatna-slovenija.si\/en\/wp-json\/wp\/v2\/product"}],"about":[{"href":"https:\/\/unikatna-slovenija.si\/en\/wp-json\/wp\/v2\/types\/product"}],"wp:featuredmedia":[{"embeddable":true,"href":"https:\/\/unikatna-slovenija.si\/en\/wp-json\/wp\/v2\/media\/10683"}],"wp:attachment":[{"href":"https:\/\/unikatna-slovenija.si\/en\/wp-json\/wp\/v2\/media?parent=18382"}],"wp:term":[{"taxonomy":"product_brand","embeddable":true,"href":"https:\/\/unikatna-slovenija.si\/en\/wp-json\/wp\/v2\/product_brand?post=18382"},{"taxonomy":"product_cat","embeddable":true,"href":"https:\/\/unikatna-slovenija.si\/en\/wp-json\/wp\/v2\/product_cat?post=18382"},{"taxonomy":"product_tag","embeddable":true,"href":"https:\/\/unikatna-slovenija.si\/en\/wp-json\/wp\/v2\/product_tag?post=18382"}],"curies":[{"name":"wp","href":"https:\/\/api.w.org\/{rel}","templated":true}]}}