{"id":10610,"date":"2019-11-09T12:26:31","date_gmt":"2019-11-09T11:26:31","guid":{"rendered":"http:\/\/unikatna-slovenija.si\/trgovina\/angel-edt-2019-thierry-mugler-copy\/"},"modified":"2025-02-27T00:54:00","modified_gmt":"2025-02-26T23:54:00","slug":"idole-lancome","status":"publish","type":"product","link":"https:\/\/unikatna-slovenija.si\/en\/trgovina\/idole-lancome\/","title":{"rendered":"IDOLE &#8211; Lancome"},"content":{"rendered":"<div class=\"col-r\">\n<p>Sestavine<\/p>\n<div class=\"col-r\">\n<pre class=\"h5\">Zgornje note: bergamotka<\/pre>\n<pre class=\"h5\">Bazne note: cedra, pa\u010duli, vanilija<\/pre>\n<pre class=\"h5\">Sr\u010dne note: jasmin, vrtnica<\/pre>\n<\/div>\n<p><strong>Sestava: INCI:<\/strong>\u00a0Alcohol Denat, Parfum, Aqua, Alergeny Citronellol, Iso Eugenol, Limonene, Linalool, Benzyl Salicylate<\/p>\n<p><strong>OPOZORILO:<\/strong>\u00a0Ni u\u017eitno, shranjujte stran od otrok<\/p>\n<p><strong>Datum uporabe:<\/strong>\u00a0natisnjen na deklaraciji parfuma<\/p>\n<\/div>\n","protected":false},"excerpt":{"rendered":"<p>Idole odseva prefinjeno eleganco \u010diste \u017eenstvenosti. Zasluga gre predvsem esenci vrtnice, ki kot kraljica flore \u017ee v svojem bistvu predstavlja cvetli\u010dni izraz \u017eenske.<\/p>\n","protected":false},"featured_media":10683,"template":"","meta":[],"product_brand":[],"product_cat":[221,222],"product_tag":[356,248],"class_list":{"0":"post-10610","1":"product","2":"type-product","3":"status-publish","4":"has-post-thumbnail","6":"product_cat-parfumi","7":"product_cat-zenski-parfumi","8":"product_tag-cvetlicni","9":"product_tag-lancome","10":"pa_kolicina-15ml","11":"pa_kolicina-30ml","12":"pa_kolicina-50ml","13":"pa_kolicina-100ml","15":"first","16":"instock","17":"shipping-taxable","18":"purchasable","19":"product-type-variable"},"aioseo_notices":[],"_links":{"self":[{"href":"https:\/\/unikatna-slovenija.si\/en\/wp-json\/wp\/v2\/product\/10610","targetHints":{"allow":["GET"]}}],"collection":[{"href":"https:\/\/unikatna-slovenija.si\/en\/wp-json\/wp\/v2\/product"}],"about":[{"href":"https:\/\/unikatna-slovenija.si\/en\/wp-json\/wp\/v2\/types\/product"}],"wp:featuredmedia":[{"embeddable":true,"href":"https:\/\/unikatna-slovenija.si\/en\/wp-json\/wp\/v2\/media\/10683"}],"wp:attachment":[{"href":"https:\/\/unikatna-slovenija.si\/en\/wp-json\/wp\/v2\/media?parent=10610"}],"wp:term":[{"taxonomy":"product_brand","embeddable":true,"href":"https:\/\/unikatna-slovenija.si\/en\/wp-json\/wp\/v2\/product_brand?post=10610"},{"taxonomy":"product_cat","embeddable":true,"href":"https:\/\/unikatna-slovenija.si\/en\/wp-json\/wp\/v2\/product_cat?post=10610"},{"taxonomy":"product_tag","embeddable":true,"href":"https:\/\/unikatna-slovenija.si\/en\/wp-json\/wp\/v2\/product_tag?post=10610"}],"curies":[{"name":"wp","href":"https:\/\/api.w.org\/{rel}","templated":true}]}}