{"id":10605,"date":"2019-11-09T12:24:32","date_gmt":"2019-11-09T11:24:32","guid":{"rendered":"http:\/\/unikatna-slovenija.si\/?post_type=product&#038;p=10605"},"modified":"2025-02-27T01:16:09","modified_gmt":"2025-02-27T00:16:09","slug":"angel-edt-2019-thierry-mugler","status":"publish","type":"product","link":"https:\/\/unikatna-slovenija.si\/en\/trgovina\/angel-edt-2019-thierry-mugler\/","title":{"rendered":"ANGEL EDT (2019) &#8211; Thierry Mugler"},"content":{"rendered":"<div class=\"col-r\">\n<p>Sestavine<\/p>\n<div class=\"col-r\">\n<pre class=\"h5\">Zgornje note: mandarina, potonika<\/pre>\n<pre class=\"h5\">Bazne note: pa\u010duli, les, cedra<\/pre>\n<pre class=\"h5\">Sr\u010dne note: pralineji, rde\u010de sadje, jabolko<\/pre>\n<\/div>\n<p><strong>Sestava: INCI:<\/strong>\u00a0Alcohol Denat, Parfum, Aqua, Alergeny Citronellol, Iso Eugenol, Limonene, Linalool, Benzyl Salicylate<\/p>\n<p><strong>OPOZORILO:<\/strong>\u00a0Ni u\u017eitno, shranjujte stran od otrok<\/p>\n<p><strong>Datum uporabe:<\/strong>\u00a0natisnjen na deklaraciji parfuma<\/p>\n<\/div>\n","protected":false},"excerpt":{"rendered":"<p>V parfumskem vesolju se je utrnila nova zvezda. Di\u0161ava Angel je dobila novo izpeljanko z nekoliko spremenjeno recepturo. Di\u0161ava nas popelje v sadovnjak poln jablan, kjer zadi\u0161ijo so\u010dna jabolka.<\/p>\n","protected":false},"featured_media":10683,"template":"","meta":[],"product_brand":[],"product_cat":[221,222],"product_tag":[356,280],"class_list":{"0":"post-10605","1":"product","2":"type-product","3":"status-publish","4":"has-post-thumbnail","6":"product_cat-parfumi","7":"product_cat-zenski-parfumi","8":"product_tag-cvetlicni","9":"product_tag-thierry-mugler","10":"pa_kolicina-15ml","11":"pa_kolicina-30ml","12":"pa_kolicina-50ml","13":"pa_kolicina-100ml","15":"first","16":"instock","17":"shipping-taxable","18":"purchasable","19":"product-type-variable"},"aioseo_notices":[],"_links":{"self":[{"href":"https:\/\/unikatna-slovenija.si\/en\/wp-json\/wp\/v2\/product\/10605","targetHints":{"allow":["GET"]}}],"collection":[{"href":"https:\/\/unikatna-slovenija.si\/en\/wp-json\/wp\/v2\/product"}],"about":[{"href":"https:\/\/unikatna-slovenija.si\/en\/wp-json\/wp\/v2\/types\/product"}],"wp:featuredmedia":[{"embeddable":true,"href":"https:\/\/unikatna-slovenija.si\/en\/wp-json\/wp\/v2\/media\/10683"}],"wp:attachment":[{"href":"https:\/\/unikatna-slovenija.si\/en\/wp-json\/wp\/v2\/media?parent=10605"}],"wp:term":[{"taxonomy":"product_brand","embeddable":true,"href":"https:\/\/unikatna-slovenija.si\/en\/wp-json\/wp\/v2\/product_brand?post=10605"},{"taxonomy":"product_cat","embeddable":true,"href":"https:\/\/unikatna-slovenija.si\/en\/wp-json\/wp\/v2\/product_cat?post=10605"},{"taxonomy":"product_tag","embeddable":true,"href":"https:\/\/unikatna-slovenija.si\/en\/wp-json\/wp\/v2\/product_tag?post=10605"}],"curies":[{"name":"wp","href":"https:\/\/api.w.org\/{rel}","templated":true}]}}